{"id":32,"date":"2019-10-07T19:08:16","date_gmt":"2019-10-07T19:08:16","guid":{"rendered":"https:\/\/booquarium.nl\/?page_id=32"},"modified":"2019-10-07T19:56:59","modified_gmt":"2019-10-07T19:56:59","slug":"beedigde-vertaling","status":"publish","type":"page","link":"https:\/\/booquarium.nl\/?page_id=32","title":{"rendered":"(Be\u00ebdigde) vertaling"},"content":{"rendered":"\n<p style=\"color:#000000\" class=\"has-text-color\">Conform de Wet be\u00ebdigde tolken en vertalers die 1 januari 2009 van kracht is gegaan, mag een be\u00ebdigde vertaling alleen worden afgegeven door een vertaler die in het Register Be\u00ebdigde Tolken en Vertalers staat ingeschreven. A. N. Kerkhoven staat in het register onder Wbtv-nummer 22387 ingeschreven.<\/p>\n\n\n\n<p class=\"has-text-color has-very-dark-gray-color\">Privacy: Alle verstrekte persoonlijke gegevens worden uitsluitend en alleen gebruikt voor het maken en verzenden van een offerte en het uitvoeren van de tolk- en vertaalopdrachten  <\/p>\n\n\n\n<p class=\"has-text-color has-very-dark-gray-color\">U kunt bij mij terecht voor alle be\u00ebdigde vertalingen zoals geboorteakte, attest middelbare school, diploma, cijferlijst, rijbewijs, huwelijksakte, uittreksel, afschrift, verklaring, koopovereenkomst, maar ook voor overige offici\u00eble vertalingen zoals statuten, machtiging, KvK uittreksel, accountantsverklaring, salarisspecificatie, akte van levering, volmacht en etc.<\/p>\n\n\n\n<p class=\"has-text-color has-very-dark-gray-color\"><strong>Schriftelijke vertalingen<\/strong> (ook <strong>be\u00ebdigde vertalingen<\/strong>) en bijkomende werkzaamheden zoals <em>redactie en correctie<\/em><\/p>\n\n\n\n<p class=\"has-text-color has-very-dark-gray-color\"><strong>Enkele specialisatiegebieden<\/strong> liggen op:  <\/p>\n\n\n\n<ul class=\"wp-block-list\"><li>\n\tBe\u00ebdigde\n\tvertalingen diploma, geboorteakte, uittreksel, rijbewijs en etc.) \n\t\n\t<\/li><li>Juridische\n\tdocumenten \n\t\n\t<\/li><li>Algemeen\n\tcommerci\u00eble of voorlichtende teksten op commercieel, juridisch,\n\tmedisch, financieel, technisch gebied \n\t\n\t<\/li><li>Financi\u00eble\n\ten douanedocumenten \n\t\n\t<\/li><li>Technische\n\ten software handleidingen \n\t\n\t<\/li><li>Gebruikershandleidingen\n\t\n\t\n\t<\/li><li>Financi\u00eble\n\tjaarverslagen \n\t\n\t<\/li><li>Websites\n\t\n\t\n\t<\/li><li>Marketing\n\t&amp; reclame teksten \n\t\n\t<\/li><li>Hout,\n\tplaatmaterialen en (af)bouwproducten \n\t\n\t<\/li><li>Vragenlijsten\n\tonderzoek\/marktonderzoek \n\t\n\t<\/li><li>Correspondentie,\n\tbrochuremateriaal, persberichten \n\t\n\t<\/li><li>Samenwerkingsovereenkomsten\n\ten etc. \n\t\n<\/li><\/ul>\n\n\n\n<p class=\"has-text-color has-very-dark-gray-color\"><em>Ik vertaal ook op locatie van de opdrachtgever, meestal tegen een uurtarief en vergoeding van de reiskosten.<\/em> <\/p>\n\n\n\n<p class=\"has-text-color has-very-dark-gray-color\">Wat is een be\u00ebdigde vertaling?<br>Een be\u00ebdigde vertaling is voorzien van een verklaring, een handtekening en een stempel van de vertaler die voor een bepaalde talencombinatie door een rechtbank is be\u00ebdigd. Be\u00ebdigde vertalingen worden altijd op papier afgeleverd omdat de (kopie van de) brontekst onlosmakelijk aan de vertaling gehecht moet worden.  <\/p>\n\n\n\n<p class=\"has-text-color has-very-dark-gray-color\">\nWanneer hebt u een be\u00ebdigde\nvertaling nodig: \n<\/p>\n\n\n\n<ul class=\"wp-block-list\"><li>voor een uittreksel uit het bevolkingsregister, diploma\u2019s, huwelijksaktes, aktes van overlijden, adoptiepapieren, testamenten en etc.  <\/li><li>voor allerlei documenten in de priv\u00e9sfeer, offici\u00eble stukken als statuten, koopakten, vonnissen, juridische correspondentie en etc.  <\/li><\/ul>\n\n\n\n<p class=\"has-text-color has-very-dark-gray-color\">U hebt een be\u00ebdigde vertaling nodig. Wat moet u doen?  <br>Als u wilt weten wat de kosten voor een be\u00ebdigde vertaling zijn (bijv. geboorteakte, een akte van overlijden, diploma, uittreksel uit het bevolkingsregister, huwelijksakte, toestemming, verklaring van afstand nationaliteit etc.), maak een scan van het document (het liefst op een hoge resolutie) en verstuur deze in het Pdf-formaat naar mij per e-mail <a href=\"mailto:info@booquarium.nl\">info@booquarium.nl<\/a>. <\/p>\n\n\n\n<p class=\"has-text-color has-very-dark-gray-color\">Voor\nniet-be\u00ebdigde vertalingen kunt u uw document, in elk digitaal\nformaat rechtstreeks naar mij per e-mail sturen. <br>\n<br>\n<strong>Binnen\neen werkdag<\/strong> krijgt u\ndan een vrijblijvende offerte toegemaild.<\/p>\n\n\n\n<p class=\"has-text-color has-very-dark-gray-color\">Wanneer er tekst op de keerzijde staat, dient u mij dus ook die keerzijde te bezorgen. Alle stempels, zegels, handtekeningen moeten even leesbaar zijn als op het origineel.<br>Vermeld ook de talencombinatie  en eventueel deadline.<\/p>\n\n\n\n<p class=\"has-text-color has-very-dark-gray-color\">Apostille<br>Is het land waar u het document wilt gebruiken aangesloten bij het Apostilleverdrag? Dan kunt u het document laten legaliseren met een stempel of sticker: een apostille. Na legalisatie met een apostillestempel kunt u het document gebruiken in een van de landen die aangesloten zijn bij het Apostilleverdrag. Als het land het Apostilleverdrag heeft ondertekend, kunt u het document bij de rechtbank laten voorzien van een apostille. Dit is een versnelde procedure, er is geen verdere legalisatie nodig. Nederland is aangesloten bij het Apostilleverdrag.  <\/p>\n\n\n\n<p class=\"has-text-color has-very-dark-gray-color\">VERTAALBUREAU BOOQUARIUM<br>Korianderstraat 31 3544 BN Utrecht<br>tel. +31(0) 610061640<br>e-mail: <a href=\"mailto:info@booquarium.nl\">info@booquarium.nl<\/a><br><a href=\"http:\/\/www.booquarium.nl\/\">www.booquarium.nl<\/a><\/p>\n","protected":false},"excerpt":{"rendered":"<p>Conform de Wet be\u00ebdigde tolken en vertalers die 1 januari 2009 van kracht is gegaan, mag een be\u00ebdigde vertaling alleen worden afgegeven door een vertaler die in het Register Be\u00ebdigde Tolken en Vertalers staat ingeschreven. A. N. Kerkhoven staat in het register onder Wbtv-nummer 22387 ingeschreven. Privacy: Alle verstrekte persoonlijke gegevens worden uitsluitend en alleen&hellip; <br \/> <a class=\"read-more\" href=\"https:\/\/booquarium.nl\/?page_id=32\">Lees verder<\/a><\/p>\n","protected":false},"author":2,"featured_media":0,"parent":30,"menu_order":2,"comment_status":"closed","ping_status":"closed","template":"","meta":{"footnotes":""},"class_list":["post-32","page","type-page","status-publish","hentry"],"_links":{"self":[{"href":"https:\/\/booquarium.nl\/index.php?rest_route=\/wp\/v2\/pages\/32","targetHints":{"allow":["GET"]}}],"collection":[{"href":"https:\/\/booquarium.nl\/index.php?rest_route=\/wp\/v2\/pages"}],"about":[{"href":"https:\/\/booquarium.nl\/index.php?rest_route=\/wp\/v2\/types\/page"}],"author":[{"embeddable":true,"href":"https:\/\/booquarium.nl\/index.php?rest_route=\/wp\/v2\/users\/2"}],"replies":[{"embeddable":true,"href":"https:\/\/booquarium.nl\/index.php?rest_route=%2Fwp%2Fv2%2Fcomments&post=32"}],"version-history":[{"count":2,"href":"https:\/\/booquarium.nl\/index.php?rest_route=\/wp\/v2\/pages\/32\/revisions"}],"predecessor-version":[{"id":50,"href":"https:\/\/booquarium.nl\/index.php?rest_route=\/wp\/v2\/pages\/32\/revisions\/50"}],"up":[{"embeddable":true,"href":"https:\/\/booquarium.nl\/index.php?rest_route=\/wp\/v2\/pages\/30"}],"wp:attachment":[{"href":"https:\/\/booquarium.nl\/index.php?rest_route=%2Fwp%2Fv2%2Fmedia&parent=32"}],"curies":[{"name":"wp","href":"https:\/\/api.w.org\/{rel}","templated":true}]}}